{"id":577,"date":"2023-06-01T23:30:19","date_gmt":"2023-06-02T02:30:19","guid":{"rendered":"https:\/\/epra.ufc.br\/?page_id=577"},"modified":"2025-07-17T22:46:15","modified_gmt":"2025-07-18T01:46:15","slug":"ano-2023","status":"publish","type":"page","link":"https:\/\/epra.ufc.br\/index.php\/ano-2023\/","title":{"rendered":"Ano 2023"},"content":{"rendered":"\t\t<div data-elementor-type=\"wp-page\" data-elementor-id=\"577\" class=\"elementor elementor-577\" data-elementor-settings=\"[]\">\n\t\t\t\t\t\t<div class=\"elementor-inner\">\n\t\t\t\t\t\t\t<div class=\"elementor-section-wrap\">\n\t\t\t\t\t\t\t<section class=\"elementor-element elementor-element-c5c189d elementor-section-boxed elementor-section-height-default elementor-section-height-default elementor-section elementor-top-section\" data-id=\"c5c189d\" data-element_type=\"section\">\n\t\t\t\t\t\t<div class=\"elementor-container elementor-column-gap-default\">\n\t\t\t\t\t\t\t<div class=\"elementor-row\">\n\t\t\t\t\t<div class=\"elementor-element elementor-element-2dd777c elementor-column elementor-col-100 elementor-top-column\" data-id=\"2dd777c\" data-element_type=\"column\">\n\t\t\t<div class=\"elementor-column-wrap elementor-element-populated\">\n\t\t\t\t\t\t\t<div class=\"elementor-widget-wrap\">\n\t\t\t\t\t\t<div class=\"elementor-element elementor-element-7ee8716 elementor-widget elementor-widget-heading\" data-id=\"7ee8716\" data-element_type=\"widget\" data-widget_type=\"heading.default\">\n\t\t\t\t<div class=\"elementor-widget-container\">\n\t\t\t<h2 class=\"elementor-heading-title elementor-size-default\">Ano 2023<\/h2>\t\t<\/div>\n\t\t\t\t<\/div>\n\t\t\t\t<div class=\"elementor-element elementor-element-6c21ac6 elementor-widget-divider--view-line elementor-widget elementor-widget-divider\" data-id=\"6c21ac6\" data-element_type=\"widget\" data-widget_type=\"divider.default\">\n\t\t\t\t<div class=\"elementor-widget-container\">\n\t\t\t\t\t<div class=\"elementor-divider\">\n\t\t\t<span class=\"elementor-divider-separator\">\n\t\t\t\t\t\t<\/span>\n\t\t<\/div>\n\t\t\t\t<\/div>\n\t\t\t\t<\/div>\n\t\t\t\t\t\t<\/div>\n\t\t\t\t\t<\/div>\n\t\t<\/div>\n\t\t\t\t\t\t\t\t<\/div>\n\t\t\t\t\t<\/div>\n\t\t<\/section>\n\t\t\t\t<section class=\"elementor-element elementor-element-01112ec elementor-section-boxed elementor-section-height-default elementor-section-height-default elementor-section elementor-top-section\" data-id=\"01112ec\" data-element_type=\"section\" data-settings=\"{&quot;background_background&quot;:&quot;classic&quot;}\">\n\t\t\t\t\t\t<div class=\"elementor-container elementor-column-gap-default\">\n\t\t\t\t\t\t\t<div class=\"elementor-row\">\n\t\t\t\t\t<div class=\"elementor-element elementor-element-d5a6f2d elementor-column elementor-col-50 elementor-top-column\" data-id=\"d5a6f2d\" data-element_type=\"column\">\n\t\t\t<div class=\"elementor-column-wrap elementor-element-populated\">\n\t\t\t\t\t\t\t<div class=\"elementor-widget-wrap\">\n\t\t\t\t\t\t<div class=\"elementor-element elementor-element-689c127 elementor-widget elementor-widget-image\" data-id=\"689c127\" data-element_type=\"widget\" data-widget_type=\"image.default\">\n\t\t\t\t<div class=\"elementor-widget-container\">\n\t\t\t\t\t<div class=\"elementor-image\">\n\t\t\t\t\t\t\t\t\t\t<img loading=\"lazy\" decoding=\"async\" width=\"1024\" height=\"630\" src=\"https:\/\/epra.ufc.br\/wp-content\/uploads\/turma_2023-1024x630.png\" class=\"attachment-large size-large\" alt=\"\" srcset=\"https:\/\/epra.ufc.br\/wp-content\/uploads\/turma_2023-1024x630.png 1024w, https:\/\/epra.ufc.br\/wp-content\/uploads\/turma_2023-300x185.png 300w, https:\/\/epra.ufc.br\/wp-content\/uploads\/turma_2023-768x472.png 768w, https:\/\/epra.ufc.br\/wp-content\/uploads\/turma_2023.png 1489w\" sizes=\"(max-width: 1024px) 100vw, 1024px\" \/>\t\t\t\t\t\t\t\t\t\t\t<\/div>\n\t\t\t\t<\/div>\n\t\t\t\t<\/div>\n\t\t\t\t\t\t<\/div>\n\t\t\t\t\t<\/div>\n\t\t<\/div>\n\t\t\t\t<div class=\"elementor-element elementor-element-01472aa elementor-column elementor-col-50 elementor-top-column\" data-id=\"01472aa\" data-element_type=\"column\" data-settings=\"{&quot;background_background&quot;:&quot;classic&quot;}\">\n\t\t\t<div class=\"elementor-column-wrap elementor-element-populated\">\n\t\t\t\t\t\t\t<div class=\"elementor-widget-wrap\">\n\t\t\t\t\t\t<div class=\"elementor-element elementor-element-55c5e1b elementor-widget elementor-widget-heading\" data-id=\"55c5e1b\" data-element_type=\"widget\" data-widget_type=\"heading.default\">\n\t\t\t\t<div class=\"elementor-widget-container\">\n\t\t\t<h5 class=\"elementor-heading-title elementor-size-default\">INTRODU\u00c7\u00c3O<\/h5>\t\t<\/div>\n\t\t\t\t<\/div>\n\t\t\t\t<div class=\"elementor-element elementor-element-3e3e603 elementor-widget elementor-widget-text-editor\" data-id=\"3e3e603\" data-element_type=\"widget\" data-widget_type=\"text-editor.default\">\n\t\t\t\t<div class=\"elementor-widget-container\">\n\t\t\t\t\t<div class=\"elementor-text-editor elementor-clearfix\"><p><span style=\"color: #808080;\">No ano de 2023 o EPRA contou com a participa\u00e7\u00e3o da equipe formada por Armanda Vinicius, Eudes Filho, Henrique Martins, Hudson Cunha, Levi Nobre, Marcos Gregory e Ylana Torres. Juntos, contribuiram para dar continuidade ao projeto, que vem cada vez mais conquistando espa\u00e7o na comunidade.<\/span><\/p><p><span style=\"color: #808080;\">O interesse dos alunos do ensino m\u00e9dio em participar dos cursos orfertados vem crescendo a cada ano gra\u00e7as a equipe do EPRA, que vem fazendo um excelente trabalho de divulga\u00e7\u00e3o e melhorias na metodologia de ensino.<\/span><\/p><\/div>\n\t\t\t\t<\/div>\n\t\t\t\t<\/div>\n\t\t\t\t\t\t<\/div>\n\t\t\t\t\t<\/div>\n\t\t<\/div>\n\t\t\t\t\t\t\t\t<\/div>\n\t\t\t\t\t<\/div>\n\t\t<\/section>\n\t\t\t\t<section class=\"elementor-element elementor-element-3e76936 elementor-section-boxed elementor-section-height-default elementor-section-height-default elementor-section elementor-top-section\" data-id=\"3e76936\" data-element_type=\"section\" data-settings=\"{&quot;background_background&quot;:&quot;classic&quot;}\">\n\t\t\t\t\t\t<div class=\"elementor-container elementor-column-gap-default\">\n\t\t\t\t\t\t\t<div class=\"elementor-row\">\n\t\t\t\t\t<div class=\"elementor-element elementor-element-38f8255 elementor-column elementor-col-50 elementor-top-column\" data-id=\"38f8255\" data-element_type=\"column\" data-settings=\"{&quot;background_background&quot;:&quot;classic&quot;}\">\n\t\t\t<div class=\"elementor-column-wrap elementor-element-populated\">\n\t\t\t\t\t\t\t<div class=\"elementor-widget-wrap\">\n\t\t\t\t\t\t<div class=\"elementor-element elementor-element-d438a95 elementor-widget elementor-widget-heading\" data-id=\"d438a95\" data-element_type=\"widget\" data-widget_type=\"heading.default\">\n\t\t\t\t<div class=\"elementor-widget-container\">\n\t\t\t<h5 class=\"elementor-heading-title elementor-size-default\">CURSOs<\/h5>\t\t<\/div>\n\t\t\t\t<\/div>\n\t\t\t\t<div class=\"elementor-element elementor-element-1b1429e elementor-widget elementor-widget-text-editor\" data-id=\"1b1429e\" data-element_type=\"widget\" data-widget_type=\"text-editor.default\">\n\t\t\t\t<div class=\"elementor-widget-container\">\n\t\t\t\t\t<div class=\"elementor-text-editor elementor-clearfix\"><p><span style=\"color: #808080;\">O projeto come\u00e7ou o ano com dois cursos: <b>Programa\u00e7\u00e3o<\/b> e <b>Introdu\u00e7\u00e3o a Rob\u00f3tica<\/b>. Os cursos aconteciam de segunda a quinta-feira nos laborat\u00f3rios da UFC, ambientes equipados para atender os mais de 50 alunos do ensino m\u00e9dio que se inscreveram para os cursos.<\/span><\/p><\/div>\n\t\t\t\t<\/div>\n\t\t\t\t<\/div>\n\t\t\t\t\t\t<\/div>\n\t\t\t\t\t<\/div>\n\t\t<\/div>\n\t\t\t\t<div class=\"elementor-element elementor-element-d7ab0ce elementor-column elementor-col-50 elementor-top-column\" data-id=\"d7ab0ce\" data-element_type=\"column\">\n\t\t\t<div class=\"elementor-column-wrap elementor-element-populated\">\n\t\t\t\t\t\t\t<div class=\"elementor-widget-wrap\">\n\t\t\t\t\t\t<div class=\"elementor-element elementor-element-460b235 elementor-widget elementor-widget-image\" data-id=\"460b235\" data-element_type=\"widget\" data-widget_type=\"image.default\">\n\t\t\t\t<div class=\"elementor-widget-container\">\n\t\t\t\t\t<div class=\"elementor-image\">\n\t\t\t\t\t\t\t\t\t\t<img loading=\"lazy\" decoding=\"async\" width=\"720\" height=\"324\" src=\"https:\/\/epra.ufc.br\/wp-content\/uploads\/Image-2023-05-10-at-20.06.11_cleanup.png\" class=\"attachment-large size-large\" alt=\"\" srcset=\"https:\/\/epra.ufc.br\/wp-content\/uploads\/Image-2023-05-10-at-20.06.11_cleanup.png 720w, https:\/\/epra.ufc.br\/wp-content\/uploads\/Image-2023-05-10-at-20.06.11_cleanup-300x135.png 300w\" sizes=\"(max-width: 720px) 100vw, 720px\" \/>\t\t\t\t\t\t\t\t\t\t\t<\/div>\n\t\t\t\t<\/div>\n\t\t\t\t<\/div>\n\t\t\t\t\t\t<\/div>\n\t\t\t\t\t<\/div>\n\t\t<\/div>\n\t\t\t\t\t\t\t\t<\/div>\n\t\t\t\t\t<\/div>\n\t\t<\/section>\n\t\t\t\t<section class=\"elementor-element elementor-element-ab7408d elementor-section-boxed elementor-section-height-default elementor-section-height-default elementor-section elementor-top-section\" data-id=\"ab7408d\" data-element_type=\"section\" data-settings=\"{&quot;background_background&quot;:&quot;classic&quot;}\">\n\t\t\t\t\t\t<div class=\"elementor-container elementor-column-gap-default\">\n\t\t\t\t\t\t\t<div class=\"elementor-row\">\n\t\t\t\t\t<div class=\"elementor-element elementor-element-228b8f8 elementor-column elementor-col-100 elementor-top-column\" data-id=\"228b8f8\" data-element_type=\"column\">\n\t\t\t<div class=\"elementor-column-wrap elementor-element-populated\">\n\t\t\t\t\t\t\t<div class=\"elementor-widget-wrap\">\n\t\t\t\t\t\t<div class=\"elementor-element elementor-element-355c9a7 elementor-widget elementor-widget-heading\" data-id=\"355c9a7\" data-element_type=\"widget\" data-widget_type=\"heading.default\">\n\t\t\t\t<div class=\"elementor-widget-container\">\n\t\t\t<h1 class=\"elementor-heading-title elementor-size-xxl\">\"<\/h1>\t\t<\/div>\n\t\t\t\t<\/div>\n\t\t\t\t<div class=\"elementor-element elementor-element-db4b72d elementor-widget elementor-widget-text-editor\" data-id=\"db4b72d\" data-element_type=\"widget\" data-widget_type=\"text-editor.default\">\n\t\t\t\t<div class=\"elementor-widget-container\">\n\t\t\t\t\t<div class=\"elementor-text-editor elementor-clearfix\"><p><span style=\"color: #808080;\">Fazer parte do EPRA me trouxe experi\u00eancias \u00fanicas que nunca esquecerei, o projeto busca incluir e dar oportunidade no mundo da programa\u00e7\u00e3o de forma din\u00e2mica onde compartilhar nossos conhecimentos e acompanhar o desenvolvimento dos alunos ao decorrer do curso \u00e9 algo gratificante e enriquecedor.<\/span><\/p><p><span style=\"color: #808080;\">Durante minha jornada como membro do EPRA, pude testemunhar o impacto positivo que a educa\u00e7\u00e3o em programa\u00e7\u00e3o pode ter na vida dos estudantes. Atrav\u00e9s de aulas interativas e pr\u00e1ticas, fomos capazes de despertar o interesse pela programa\u00e7\u00e3o em diversos jovens.<\/span><\/p><p><span style=\"color: #808080;\">Sou grata por ter tido a chance de contribuir para a forma\u00e7\u00e3o de novos programadores e por ter aprendido tanto com eles. O projeto \u00e9 um exemplo inspirador de como a educa\u00e7\u00e3o pode ser transformadora e empoderadora.<\/span><\/p><\/div>\n\t\t\t\t<\/div>\n\t\t\t\t<\/div>\n\t\t\t\t<div class=\"elementor-element elementor-element-f16ccf9 elementor-widget elementor-widget-heading\" data-id=\"f16ccf9\" data-element_type=\"widget\" data-widget_type=\"heading.default\">\n\t\t\t\t<div class=\"elementor-widget-container\">\n\t\t\t<h4 class=\"elementor-heading-title elementor-size-default\">Ylana Torres<\/h4>\t\t<\/div>\n\t\t\t\t<\/div>\n\t\t\t\t<div class=\"elementor-element elementor-element-87a8164 elementor-widget elementor-widget-text-editor\" data-id=\"87a8164\" data-element_type=\"widget\" data-widget_type=\"text-editor.default\">\n\t\t\t\t<div class=\"elementor-widget-container\">\n\t\t\t\t\t<div class=\"elementor-text-editor elementor-clearfix\"><p><span style=\"color: #808080;\">2\u00ba Semestre de Ci\u00eancia da Computa\u00e7\u00e3o<\/span><\/p><\/div>\n\t\t\t\t<\/div>\n\t\t\t\t<\/div>\n\t\t\t\t\t\t<\/div>\n\t\t\t\t\t<\/div>\n\t\t<\/div>\n\t\t\t\t\t\t\t\t<\/div>\n\t\t\t\t\t<\/div>\n\t\t<\/section>\n\t\t\t\t\t\t<\/div>\n\t\t\t\t\t\t<\/div>\n\t\t\t\t\t<\/div>\n\t\t","protected":false},"excerpt":{"rendered":"<p>Ano 2023 INTRODU\u00c7\u00c3O No ano de 2023 o EPRA contou com a participa\u00e7\u00e3o da equipe formada por Armanda Vinicius, Eudes Filho, Henrique Martins, Hudson Cunha, Levi Nobre, Marcos Gregory e Ylana Torres. Juntos, contribuiram para dar continuidade ao projeto, que vem cada vez mais conquistando espa\u00e7o na comunidade. O interesse dos alunos do ensino m\u00e9dio [&hellip;]<\/p>\n","protected":false},"author":1,"featured_media":0,"parent":0,"menu_order":0,"comment_status":"closed","ping_status":"closed","template":"elementor_header_footer","meta":{"footnotes":""},"blocksy_meta":[],"_links":{"self":[{"href":"https:\/\/epra.ufc.br\/index.php\/wp-json\/wp\/v2\/pages\/577"}],"collection":[{"href":"https:\/\/epra.ufc.br\/index.php\/wp-json\/wp\/v2\/pages"}],"about":[{"href":"https:\/\/epra.ufc.br\/index.php\/wp-json\/wp\/v2\/types\/page"}],"author":[{"embeddable":true,"href":"https:\/\/epra.ufc.br\/index.php\/wp-json\/wp\/v2\/users\/1"}],"replies":[{"embeddable":true,"href":"https:\/\/epra.ufc.br\/index.php\/wp-json\/wp\/v2\/comments?post=577"}],"version-history":[{"count":16,"href":"https:\/\/epra.ufc.br\/index.php\/wp-json\/wp\/v2\/pages\/577\/revisions"}],"predecessor-version":[{"id":817,"href":"https:\/\/epra.ufc.br\/index.php\/wp-json\/wp\/v2\/pages\/577\/revisions\/817"}],"wp:attachment":[{"href":"https:\/\/epra.ufc.br\/index.php\/wp-json\/wp\/v2\/media?parent=577"}],"curies":[{"name":"wp","href":"https:\/\/api.w.org\/{rel}","templated":true}]}}